{"id":60,"date":"2021-06-28T12:30:01","date_gmt":"2021-06-28T09:30:01","guid":{"rendered":"http:\/\/eagletacticalarms.com\/tr\/?page_id=60"},"modified":"2022-01-14T13:27:14","modified_gmt":"2022-01-14T10:27:14","slug":"kurumsal","status":"publish","type":"page","link":"https:\/\/eagletacticalarms.com\/tr\/kurumsal\/","title":{"rendered":"Kurumsal"},"content":{"rendered":"<p><a href=\"https:\/\/eagletacticalarms.com\/tr\/kurumsal\/\">Kurumsal<\/a><\/p>\n<div id=\"attachment_1898\" style=\"width: 310px\" class=\"wp-caption alignnone\"><img aria-describedby=\"caption-attachment-1898\" decoding=\"async\" loading=\"lazy\" class=\"size-medium wp-image-1898\" src=\"http:\/\/eagletacticalarms.com\/tr\/wp-content\/uploads\/2021\/12\/about-1-300x209.png\" alt=\"Eagle-Kurumsal\" width=\"300\" height=\"209\" srcset=\"https:\/\/eagletacticalarms.com\/tr\/wp-content\/uploads\/2021\/12\/about-1-300x209.png 300w, https:\/\/eagletacticalarms.com\/tr\/wp-content\/uploads\/2021\/12\/about-1-1024x712.png 1024w, https:\/\/eagletacticalarms.com\/tr\/wp-content\/uploads\/2021\/12\/about-1-768x534.png 768w, https:\/\/eagletacticalarms.com\/tr\/wp-content\/uploads\/2021\/12\/about-1-151x105.png 151w, https:\/\/eagletacticalarms.com\/tr\/wp-content\/uploads\/2021\/12\/about-1.png 1082w\" sizes=\"(max-width: 300px) 100vw, 300px\" \/><p id=\"caption-attachment-1898\" class=\"wp-caption-text\">Eagle-Kurumsal<\/p><\/div>\n<p>Modern teknolojiyi kullanan yenili\u011fe, kaliteye ve dakikli\u011fe \u00f6nem vermektedir. Taktik, av\u00a0 ve spor t\u00fcfeklerin \u00fcretim merkezi olan, t\u00fcm metal ve plastik par\u00e7alar\u0131n\u0131 kendi \u00fcretmektedir. Y\u00f6netiminden \u00e7al\u0131\u015fanlar\u0131na, tedarik\u00e7ilerinden yetkili bayiliklerine kadar kalite anlay\u0131\u015f\u0131n\u0131 daha da y\u00fckseltmeyi hedefleyen bir \u015firketiz. M\u00fc\u015fterilerimize en iyi \u00fcr\u00fcn\u00fc en iyi fiyat politikas\u0131 ile sunmaktay\u0131z.<\/p>\n<p>Yeni modellerle ve \u00fcr\u00fcn \u00e7e\u015fitlili\u011fi, hedeflerimiz aras\u0131nda yer almaktad\u0131r. Yurtd\u0131\u015f\u0131 marka bilinilirli\u011fimizi art\u0131rmak ve yeni pazarlara ula\u015fmak i\u00e7in her ge\u00e7en g\u00fcn hedeflerimizi artt\u0131r\u0131yoruz. T\u00fcrkiye\u2019nin lider silah \u00fcreticilerinden <a href=\"https:\/\/eagletacticalarms.com\/tr\">Eagle Tactical Arms,<\/a> yetenekli m\u00fchendis ve \u00e7al\u0131\u015fanlar\u0131yla gelece\u011fin teknolojilerini bir araya getiriyor.<\/p>\n<p><a href=\"https:\/\/www.multiyazilim.com\/\">Multi Yaz\u0131l\u0131m<\/a><\/p>\n","protected":false},"excerpt":{"rendered":"<p>Kurumsal Modern teknolojiyi kullanan yenili\u011fe, kaliteye ve dakikli\u011fe \u00f6nem vermektedir. Taktik, av\u00a0 ve spor t\u00fcfeklerin \u00fcretim merkezi olan, t\u00fcm metal ve plastik par\u00e7alar\u0131n\u0131 kendi \u00fcretmektedir. Y\u00f6netiminden \u00e7al\u0131\u015fanlar\u0131na, tedarik\u00e7ilerinden yetkili bayiliklerine kadar kalite anlay\u0131\u015f\u0131n\u0131 daha da y\u00fckseltmeyi hedefleyen bir \u015firketiz. M\u00fc\u015fterilerimize en iyi \u00fcr\u00fcn\u00fc en iyi fiyat politikas\u0131 ile sunmaktay\u0131z. Yeni modellerle ve \u00fcr\u00fcn \u00e7e\u015fitlili\u011fi, hedeflerimiz aras\u0131nda yer almaktad\u0131r. Yurtd\u0131\u015f\u0131 marka bilinilirli\u011fimizi art\u0131rmak ve yeni pazarlara ula\u015fmak i\u00e7in her ge\u00e7en g\u00fcn hedeflerimizi artt\u0131r\u0131yoruz. T\u00fcrkiye\u2019nin lider silah \u00fcreticilerinden Eagle Tactical Arms, yetenekli m\u00fchendis ve \u00e7al\u0131\u015fanlar\u0131yla gelece\u011fin teknolojilerini bir araya getiriyor. Multi Yaz\u0131l\u0131m<\/p>\n","protected":false},"author":1,"featured_media":0,"parent":0,"menu_order":0,"comment_status":"closed","ping_status":"closed","template":"","meta":{"footnotes":""},"acf":[],"yoast_head":"<!-- This site is optimized with the Yoast SEO plugin v20.6 - https:\/\/yoast.com\/wordpress\/plugins\/seo\/ -->\n<title>Kurumsal - Eagle Tactical Arms<\/title>\n<meta name=\"description\" content=\"Modern teknolojiyi kullanan yenili\u011fe, kaliteye ve dakikli\u011fe \u00f6nem vermektedir. Taktik, av\u00a0 ve spor t\u00fcfeklerin \u00fcretim merkezi olan...(Kurumsal)\" \/>\n<meta name=\"robots\" content=\"index, follow, max-snippet:-1, max-image-preview:large, max-video-preview:-1\" \/>\n<link rel=\"canonical\" href=\"https:\/\/eagletacticalarms.com\/tr\/kurumsal\/\" \/>\n<meta property=\"og:locale\" content=\"tr_TR\" \/>\n<meta property=\"og:type\" content=\"article\" \/>\n<meta property=\"og:title\" content=\"Kurumsal - Eagle Tactical Arms\" \/>\n<meta property=\"og:description\" content=\"Modern teknolojiyi kullanan yenili\u011fe, kaliteye ve dakikli\u011fe \u00f6nem vermektedir. Taktik, av\u00a0 ve spor t\u00fcfeklerin \u00fcretim merkezi olan...(Kurumsal)\" \/>\n<meta property=\"og:url\" content=\"https:\/\/eagletacticalarms.com\/tr\/kurumsal\/\" \/>\n<meta property=\"og:site_name\" content=\"Eagle Tactical Arms\" \/>\n<meta property=\"article:modified_time\" content=\"2022-01-14T10:27:14+00:00\" \/>\n<meta property=\"og:image\" content=\"http:\/\/eagletacticalarms.com\/tr\/wp-content\/uploads\/2021\/12\/about-1-300x209.png\" \/>\n<meta name=\"twitter:card\" content=\"summary_large_image\" \/>\n<meta name=\"twitter:label1\" content=\"Tahmini okuma s\u00fcresi\" \/>\n\t<meta name=\"twitter:data1\" content=\"1 dakika\" \/>\n<script type=\"application\/ld+json\" class=\"yoast-schema-graph\">{\"@context\":\"https:\/\/schema.org\",\"@graph\":[{\"@type\":\"WebPage\",\"@id\":\"https:\/\/eagletacticalarms.com\/tr\/kurumsal\/\",\"url\":\"https:\/\/eagletacticalarms.com\/tr\/kurumsal\/\",\"name\":\"Kurumsal - Eagle Tactical Arms\",\"isPartOf\":{\"@id\":\"https:\/\/eagletacticalarms.com\/tr\/#website\"},\"datePublished\":\"2021-06-28T09:30:01+00:00\",\"dateModified\":\"2022-01-14T10:27:14+00:00\",\"description\":\"Modern teknolojiyi kullanan yenili\u011fe, kaliteye ve dakikli\u011fe \u00f6nem vermektedir. Taktik, av\u00a0 ve spor t\u00fcfeklerin \u00fcretim merkezi olan...(Kurumsal)\",\"breadcrumb\":{\"@id\":\"https:\/\/eagletacticalarms.com\/tr\/kurumsal\/#breadcrumb\"},\"inLanguage\":\"tr\",\"potentialAction\":[{\"@type\":\"ReadAction\",\"target\":[\"https:\/\/eagletacticalarms.com\/tr\/kurumsal\/\"]}]},{\"@type\":\"BreadcrumbList\",\"@id\":\"https:\/\/eagletacticalarms.com\/tr\/kurumsal\/#breadcrumb\",\"itemListElement\":[{\"@type\":\"ListItem\",\"position\":1,\"name\":\"Anasayfa\",\"item\":\"https:\/\/eagletacticalarms.com\/tr\/\"},{\"@type\":\"ListItem\",\"position\":2,\"name\":\"Kurumsal\"}]},{\"@type\":\"WebSite\",\"@id\":\"https:\/\/eagletacticalarms.com\/tr\/#website\",\"url\":\"https:\/\/eagletacticalarms.com\/tr\/\",\"name\":\"Eagle Tactical Arms\",\"description\":\"Kalite Ve Azmin Olu\u015fturdu\u011fu En Modern Teknolojilere\",\"publisher\":{\"@id\":\"https:\/\/eagletacticalarms.com\/tr\/#organization\"},\"potentialAction\":[{\"@type\":\"SearchAction\",\"target\":{\"@type\":\"EntryPoint\",\"urlTemplate\":\"https:\/\/eagletacticalarms.com\/tr\/?s={search_term_string}\"},\"query-input\":\"required name=search_term_string\"}],\"inLanguage\":\"tr\"},{\"@type\":\"Organization\",\"@id\":\"https:\/\/eagletacticalarms.com\/tr\/#organization\",\"name\":\"Eagle Tactical Arms\",\"url\":\"https:\/\/eagletacticalarms.com\/tr\/\",\"logo\":{\"@type\":\"ImageObject\",\"inLanguage\":\"tr\",\"@id\":\"https:\/\/eagletacticalarms.com\/tr\/#\/schema\/logo\/image\/\",\"url\":\"https:\/\/eagletacticalarms.com\/tr\/wp-content\/uploads\/2021\/12\/eagle-tactical-arms-sari-gri.png\",\"contentUrl\":\"https:\/\/eagletacticalarms.com\/tr\/wp-content\/uploads\/2021\/12\/eagle-tactical-arms-sari-gri.png\",\"width\":800,\"height\":325,\"caption\":\"Eagle Tactical Arms\"},\"image\":{\"@id\":\"https:\/\/eagletacticalarms.com\/tr\/#\/schema\/logo\/image\/\"}}]}<\/script>\n<!-- \/ Yoast SEO plugin. -->","yoast_head_json":{"title":"Kurumsal - Eagle Tactical Arms","description":"Modern teknolojiyi kullanan yenili\u011fe, kaliteye ve dakikli\u011fe \u00f6nem vermektedir. Taktik, av\u00a0 ve spor t\u00fcfeklerin \u00fcretim merkezi olan...(Kurumsal)","robots":{"index":"index","follow":"follow","max-snippet":"max-snippet:-1","max-image-preview":"max-image-preview:large","max-video-preview":"max-video-preview:-1"},"canonical":"https:\/\/eagletacticalarms.com\/tr\/kurumsal\/","og_locale":"tr_TR","og_type":"article","og_title":"Kurumsal - Eagle Tactical Arms","og_description":"Modern teknolojiyi kullanan yenili\u011fe, kaliteye ve dakikli\u011fe \u00f6nem vermektedir. Taktik, av\u00a0 ve spor t\u00fcfeklerin \u00fcretim merkezi olan...(Kurumsal)","og_url":"https:\/\/eagletacticalarms.com\/tr\/kurumsal\/","og_site_name":"Eagle Tactical Arms","article_modified_time":"2022-01-14T10:27:14+00:00","og_image":[{"url":"http:\/\/eagletacticalarms.com\/tr\/wp-content\/uploads\/2021\/12\/about-1-300x209.png"}],"twitter_card":"summary_large_image","twitter_misc":{"Tahmini okuma s\u00fcresi":"1 dakika"},"schema":{"@context":"https:\/\/schema.org","@graph":[{"@type":"WebPage","@id":"https:\/\/eagletacticalarms.com\/tr\/kurumsal\/","url":"https:\/\/eagletacticalarms.com\/tr\/kurumsal\/","name":"Kurumsal - Eagle Tactical Arms","isPartOf":{"@id":"https:\/\/eagletacticalarms.com\/tr\/#website"},"datePublished":"2021-06-28T09:30:01+00:00","dateModified":"2022-01-14T10:27:14+00:00","description":"Modern teknolojiyi kullanan yenili\u011fe, kaliteye ve dakikli\u011fe \u00f6nem vermektedir. Taktik, av\u00a0 ve spor t\u00fcfeklerin \u00fcretim merkezi olan...(Kurumsal)","breadcrumb":{"@id":"https:\/\/eagletacticalarms.com\/tr\/kurumsal\/#breadcrumb"},"inLanguage":"tr","potentialAction":[{"@type":"ReadAction","target":["https:\/\/eagletacticalarms.com\/tr\/kurumsal\/"]}]},{"@type":"BreadcrumbList","@id":"https:\/\/eagletacticalarms.com\/tr\/kurumsal\/#breadcrumb","itemListElement":[{"@type":"ListItem","position":1,"name":"Anasayfa","item":"https:\/\/eagletacticalarms.com\/tr\/"},{"@type":"ListItem","position":2,"name":"Kurumsal"}]},{"@type":"WebSite","@id":"https:\/\/eagletacticalarms.com\/tr\/#website","url":"https:\/\/eagletacticalarms.com\/tr\/","name":"Eagle Tactical Arms","description":"Kalite Ve Azmin Olu\u015fturdu\u011fu En Modern Teknolojilere","publisher":{"@id":"https:\/\/eagletacticalarms.com\/tr\/#organization"},"potentialAction":[{"@type":"SearchAction","target":{"@type":"EntryPoint","urlTemplate":"https:\/\/eagletacticalarms.com\/tr\/?s={search_term_string}"},"query-input":"required name=search_term_string"}],"inLanguage":"tr"},{"@type":"Organization","@id":"https:\/\/eagletacticalarms.com\/tr\/#organization","name":"Eagle Tactical Arms","url":"https:\/\/eagletacticalarms.com\/tr\/","logo":{"@type":"ImageObject","inLanguage":"tr","@id":"https:\/\/eagletacticalarms.com\/tr\/#\/schema\/logo\/image\/","url":"https:\/\/eagletacticalarms.com\/tr\/wp-content\/uploads\/2021\/12\/eagle-tactical-arms-sari-gri.png","contentUrl":"https:\/\/eagletacticalarms.com\/tr\/wp-content\/uploads\/2021\/12\/eagle-tactical-arms-sari-gri.png","width":800,"height":325,"caption":"Eagle Tactical Arms"},"image":{"@id":"https:\/\/eagletacticalarms.com\/tr\/#\/schema\/logo\/image\/"}}]}},"_links":{"self":[{"href":"https:\/\/eagletacticalarms.com\/tr\/wp-json\/wp\/v2\/pages\/60"}],"collection":[{"href":"https:\/\/eagletacticalarms.com\/tr\/wp-json\/wp\/v2\/pages"}],"about":[{"href":"https:\/\/eagletacticalarms.com\/tr\/wp-json\/wp\/v2\/types\/page"}],"author":[{"embeddable":true,"href":"https:\/\/eagletacticalarms.com\/tr\/wp-json\/wp\/v2\/users\/1"}],"replies":[{"embeddable":true,"href":"https:\/\/eagletacticalarms.com\/tr\/wp-json\/wp\/v2\/comments?post=60"}],"version-history":[{"count":7,"href":"https:\/\/eagletacticalarms.com\/tr\/wp-json\/wp\/v2\/pages\/60\/revisions"}],"predecessor-version":[{"id":2475,"href":"https:\/\/eagletacticalarms.com\/tr\/wp-json\/wp\/v2\/pages\/60\/revisions\/2475"}],"wp:attachment":[{"href":"https:\/\/eagletacticalarms.com\/tr\/wp-json\/wp\/v2\/media?parent=60"}],"curies":[{"name":"wp","href":"https:\/\/api.w.org\/{rel}","templated":true}]}}