{"id":56,"date":"2021-06-28T11:50:10","date_gmt":"2021-06-28T08:50:10","guid":{"rendered":"http:\/\/eagletacticalarms.com\/tr\/?page_id=56"},"modified":"2022-01-13T14:36:51","modified_gmt":"2022-01-13T11:36:51","slug":"iletisim","status":"publish","type":"page","link":"https:\/\/eagletacticalarms.com\/tr\/iletisim\/","title":{"rendered":"\u0130leti\u015fim"},"content":{"rendered":"<p><a href=\"https:\/\/eagletacticalarms.com\/tr\/\">Eagle Tactical Arms<\/a> <a href=\"https:\/\/eagletacticalarms.com\/tr\/iletisim\/\">\u0130leti\u015fim<\/a> Bilgileri<\/p>\n<p><img decoding=\"async\" loading=\"lazy\" class=\"alignnone size-medium wp-image-1415\" src=\"http:\/\/eagletacticalarms.com\/tr\/wp-content\/uploads\/2021\/12\/eagle-tactical-arms-sari-gri-300x122.png\" alt=\"iletisim\" width=\"300\" height=\"122\" srcset=\"https:\/\/eagletacticalarms.com\/tr\/wp-content\/uploads\/2021\/12\/eagle-tactical-arms-sari-gri-300x122.png 300w, https:\/\/eagletacticalarms.com\/tr\/wp-content\/uploads\/2021\/12\/eagle-tactical-arms-sari-gri-768x312.png 768w, https:\/\/eagletacticalarms.com\/tr\/wp-content\/uploads\/2021\/12\/eagle-tactical-arms-sari-gri-258x105.png 258w, https:\/\/eagletacticalarms.com\/tr\/wp-content\/uploads\/2021\/12\/eagle-tactical-arms-sari-gri.png 800w\" sizes=\"(max-width: 300px) 100vw, 300px\" \/><br \/>\nTelefon<br \/>\n+90 (501) 359 2470<\/p>\n<p>E-Posta<br \/>\nsales@eagletacticalarms.com<\/p>\n<p>export@eagletacticalarms.com<\/p>\n<p>info@eagletacticalarms.com<\/p>\n<p>Adres<br \/>\nBey\u015fehir\/Konya<\/p>\n<p><a href=\"https:\/\/www.multiyazilim.com\/\">Multi Yaz\u0131l\u0131m<\/a><\/p>\n","protected":false},"excerpt":{"rendered":"<p>Eagle Tactical Arms \u0130leti\u015fim Bilgileri Telefon +90 (501) 359 2470 E-Posta sales@eagletacticalarms.com export@eagletacticalarms.com info@eagletacticalarms.com Adres Bey\u015fehir\/Konya Multi Yaz\u0131l\u0131m<\/p>\n","protected":false},"author":1,"featured_media":0,"parent":0,"menu_order":0,"comment_status":"closed","ping_status":"closed","template":"","meta":{"footnotes":""},"acf":[],"yoast_head":"<!-- This site is optimized with the Yoast SEO plugin v20.6 - https:\/\/yoast.com\/wordpress\/plugins\/seo\/ -->\n<title>\u0130leti\u015fim - Eagle Tactical Arms<\/title>\n<meta name=\"description\" content=\"Eagle Tactical Arms \u0130leti\u015fim BilgileriTelefon+90 (501) 359 2470 E-Posta sales@eagletacticalarms.comexport@eagletacticalarms.com...\" \/>\n<meta name=\"robots\" content=\"index, follow, max-snippet:-1, max-image-preview:large, max-video-preview:-1\" \/>\n<link rel=\"canonical\" href=\"https:\/\/eagletacticalarms.com\/tr\/iletisim\/\" \/>\n<meta property=\"og:locale\" content=\"tr_TR\" \/>\n<meta property=\"og:type\" content=\"article\" \/>\n<meta property=\"og:title\" content=\"\u0130leti\u015fim - Eagle Tactical Arms\" \/>\n<meta property=\"og:description\" content=\"Eagle Tactical Arms \u0130leti\u015fim BilgileriTelefon+90 (501) 359 2470 E-Posta sales@eagletacticalarms.comexport@eagletacticalarms.com...\" \/>\n<meta property=\"og:url\" content=\"https:\/\/eagletacticalarms.com\/tr\/iletisim\/\" \/>\n<meta property=\"og:site_name\" content=\"Eagle Tactical Arms\" \/>\n<meta property=\"article:modified_time\" content=\"2022-01-13T11:36:51+00:00\" \/>\n<meta property=\"og:image\" content=\"http:\/\/eagletacticalarms.com\/tr\/wp-content\/uploads\/2021\/12\/eagle-tactical-arms-sari-gri-300x122.png\" \/>\n<meta name=\"twitter:card\" content=\"summary_large_image\" \/>\n<meta name=\"twitter:label1\" content=\"Tahmini okuma s\u00fcresi\" \/>\n\t<meta name=\"twitter:data1\" content=\"1 dakika\" \/>\n<script type=\"application\/ld+json\" class=\"yoast-schema-graph\">{\"@context\":\"https:\/\/schema.org\",\"@graph\":[{\"@type\":\"WebPage\",\"@id\":\"https:\/\/eagletacticalarms.com\/tr\/iletisim\/\",\"url\":\"https:\/\/eagletacticalarms.com\/tr\/iletisim\/\",\"name\":\"\u0130leti\u015fim - Eagle Tactical Arms\",\"isPartOf\":{\"@id\":\"https:\/\/eagletacticalarms.com\/tr\/#website\"},\"datePublished\":\"2021-06-28T08:50:10+00:00\",\"dateModified\":\"2022-01-13T11:36:51+00:00\",\"description\":\"Eagle Tactical Arms \u0130leti\u015fim BilgileriTelefon+90 (501) 359 2470 E-Posta sales@eagletacticalarms.comexport@eagletacticalarms.com...\",\"breadcrumb\":{\"@id\":\"https:\/\/eagletacticalarms.com\/tr\/iletisim\/#breadcrumb\"},\"inLanguage\":\"tr\",\"potentialAction\":[{\"@type\":\"ReadAction\",\"target\":[\"https:\/\/eagletacticalarms.com\/tr\/iletisim\/\"]}]},{\"@type\":\"BreadcrumbList\",\"@id\":\"https:\/\/eagletacticalarms.com\/tr\/iletisim\/#breadcrumb\",\"itemListElement\":[{\"@type\":\"ListItem\",\"position\":1,\"name\":\"Anasayfa\",\"item\":\"https:\/\/eagletacticalarms.com\/tr\/\"},{\"@type\":\"ListItem\",\"position\":2,\"name\":\"\u0130leti\u015fim\"}]},{\"@type\":\"WebSite\",\"@id\":\"https:\/\/eagletacticalarms.com\/tr\/#website\",\"url\":\"https:\/\/eagletacticalarms.com\/tr\/\",\"name\":\"Eagle Tactical Arms\",\"description\":\"Kalite Ve Azmin Olu\u015fturdu\u011fu En Modern Teknolojilere\",\"publisher\":{\"@id\":\"https:\/\/eagletacticalarms.com\/tr\/#organization\"},\"potentialAction\":[{\"@type\":\"SearchAction\",\"target\":{\"@type\":\"EntryPoint\",\"urlTemplate\":\"https:\/\/eagletacticalarms.com\/tr\/?s={search_term_string}\"},\"query-input\":\"required name=search_term_string\"}],\"inLanguage\":\"tr\"},{\"@type\":\"Organization\",\"@id\":\"https:\/\/eagletacticalarms.com\/tr\/#organization\",\"name\":\"Eagle Tactical Arms\",\"url\":\"https:\/\/eagletacticalarms.com\/tr\/\",\"logo\":{\"@type\":\"ImageObject\",\"inLanguage\":\"tr\",\"@id\":\"https:\/\/eagletacticalarms.com\/tr\/#\/schema\/logo\/image\/\",\"url\":\"https:\/\/eagletacticalarms.com\/tr\/wp-content\/uploads\/2021\/12\/eagle-tactical-arms-sari-gri.png\",\"contentUrl\":\"https:\/\/eagletacticalarms.com\/tr\/wp-content\/uploads\/2021\/12\/eagle-tactical-arms-sari-gri.png\",\"width\":800,\"height\":325,\"caption\":\"Eagle Tactical Arms\"},\"image\":{\"@id\":\"https:\/\/eagletacticalarms.com\/tr\/#\/schema\/logo\/image\/\"}}]}<\/script>\n<!-- \/ Yoast SEO plugin. -->","yoast_head_json":{"title":"\u0130leti\u015fim - Eagle Tactical Arms","description":"Eagle Tactical Arms \u0130leti\u015fim BilgileriTelefon+90 (501) 359 2470 E-Posta sales@eagletacticalarms.comexport@eagletacticalarms.com...","robots":{"index":"index","follow":"follow","max-snippet":"max-snippet:-1","max-image-preview":"max-image-preview:large","max-video-preview":"max-video-preview:-1"},"canonical":"https:\/\/eagletacticalarms.com\/tr\/iletisim\/","og_locale":"tr_TR","og_type":"article","og_title":"\u0130leti\u015fim - Eagle Tactical Arms","og_description":"Eagle Tactical Arms \u0130leti\u015fim BilgileriTelefon+90 (501) 359 2470 E-Posta sales@eagletacticalarms.comexport@eagletacticalarms.com...","og_url":"https:\/\/eagletacticalarms.com\/tr\/iletisim\/","og_site_name":"Eagle Tactical Arms","article_modified_time":"2022-01-13T11:36:51+00:00","og_image":[{"url":"http:\/\/eagletacticalarms.com\/tr\/wp-content\/uploads\/2021\/12\/eagle-tactical-arms-sari-gri-300x122.png"}],"twitter_card":"summary_large_image","twitter_misc":{"Tahmini okuma s\u00fcresi":"1 dakika"},"schema":{"@context":"https:\/\/schema.org","@graph":[{"@type":"WebPage","@id":"https:\/\/eagletacticalarms.com\/tr\/iletisim\/","url":"https:\/\/eagletacticalarms.com\/tr\/iletisim\/","name":"\u0130leti\u015fim - Eagle Tactical Arms","isPartOf":{"@id":"https:\/\/eagletacticalarms.com\/tr\/#website"},"datePublished":"2021-06-28T08:50:10+00:00","dateModified":"2022-01-13T11:36:51+00:00","description":"Eagle Tactical Arms \u0130leti\u015fim BilgileriTelefon+90 (501) 359 2470 E-Posta sales@eagletacticalarms.comexport@eagletacticalarms.com...","breadcrumb":{"@id":"https:\/\/eagletacticalarms.com\/tr\/iletisim\/#breadcrumb"},"inLanguage":"tr","potentialAction":[{"@type":"ReadAction","target":["https:\/\/eagletacticalarms.com\/tr\/iletisim\/"]}]},{"@type":"BreadcrumbList","@id":"https:\/\/eagletacticalarms.com\/tr\/iletisim\/#breadcrumb","itemListElement":[{"@type":"ListItem","position":1,"name":"Anasayfa","item":"https:\/\/eagletacticalarms.com\/tr\/"},{"@type":"ListItem","position":2,"name":"\u0130leti\u015fim"}]},{"@type":"WebSite","@id":"https:\/\/eagletacticalarms.com\/tr\/#website","url":"https:\/\/eagletacticalarms.com\/tr\/","name":"Eagle Tactical Arms","description":"Kalite Ve Azmin Olu\u015fturdu\u011fu En Modern Teknolojilere","publisher":{"@id":"https:\/\/eagletacticalarms.com\/tr\/#organization"},"potentialAction":[{"@type":"SearchAction","target":{"@type":"EntryPoint","urlTemplate":"https:\/\/eagletacticalarms.com\/tr\/?s={search_term_string}"},"query-input":"required name=search_term_string"}],"inLanguage":"tr"},{"@type":"Organization","@id":"https:\/\/eagletacticalarms.com\/tr\/#organization","name":"Eagle Tactical Arms","url":"https:\/\/eagletacticalarms.com\/tr\/","logo":{"@type":"ImageObject","inLanguage":"tr","@id":"https:\/\/eagletacticalarms.com\/tr\/#\/schema\/logo\/image\/","url":"https:\/\/eagletacticalarms.com\/tr\/wp-content\/uploads\/2021\/12\/eagle-tactical-arms-sari-gri.png","contentUrl":"https:\/\/eagletacticalarms.com\/tr\/wp-content\/uploads\/2021\/12\/eagle-tactical-arms-sari-gri.png","width":800,"height":325,"caption":"Eagle Tactical Arms"},"image":{"@id":"https:\/\/eagletacticalarms.com\/tr\/#\/schema\/logo\/image\/"}}]}},"_links":{"self":[{"href":"https:\/\/eagletacticalarms.com\/tr\/wp-json\/wp\/v2\/pages\/56"}],"collection":[{"href":"https:\/\/eagletacticalarms.com\/tr\/wp-json\/wp\/v2\/pages"}],"about":[{"href":"https:\/\/eagletacticalarms.com\/tr\/wp-json\/wp\/v2\/types\/page"}],"author":[{"embeddable":true,"href":"https:\/\/eagletacticalarms.com\/tr\/wp-json\/wp\/v2\/users\/1"}],"replies":[{"embeddable":true,"href":"https:\/\/eagletacticalarms.com\/tr\/wp-json\/wp\/v2\/comments?post=56"}],"version-history":[{"count":4,"href":"https:\/\/eagletacticalarms.com\/tr\/wp-json\/wp\/v2\/pages\/56\/revisions"}],"predecessor-version":[{"id":2466,"href":"https:\/\/eagletacticalarms.com\/tr\/wp-json\/wp\/v2\/pages\/56\/revisions\/2466"}],"wp:attachment":[{"href":"https:\/\/eagletacticalarms.com\/tr\/wp-json\/wp\/v2\/media?parent=56"}],"curies":[{"name":"wp","href":"https:\/\/api.w.org\/{rel}","templated":true}]}}