{"id":1884,"date":"2021-12-16T09:54:49","date_gmt":"2021-12-16T06:54:49","guid":{"rendered":"https:\/\/eagletacticalarms.com\/tr\/?page_id=1884"},"modified":"2022-01-13T15:01:34","modified_gmt":"2022-01-13T12:01:34","slug":"eagle-yedek-parcalar","status":"publish","type":"page","link":"https:\/\/eagletacticalarms.com\/tr\/eagle-yedek-parcalar\/","title":{"rendered":"Eagle Yedek Par\u00e7alar"},"content":{"rendered":"<p>Eagle Yedek Par\u00e7alar<br \/>\n<img decoding=\"async\" loading=\"lazy\" class=\"alignnone size-medium wp-image-1886\" src=\"http:\/\/eagletacticalarms.com\/tr\/wp-content\/uploads\/2021\/12\/products-spare-parts-300x300.png\" alt=\"eagle-yedek-parca\" width=\"300\" height=\"300\" srcset=\"https:\/\/eagletacticalarms.com\/tr\/wp-content\/uploads\/2021\/12\/products-spare-parts-300x300.png 300w, https:\/\/eagletacticalarms.com\/tr\/wp-content\/uploads\/2021\/12\/products-spare-parts-1024x1024.png 1024w, https:\/\/eagletacticalarms.com\/tr\/wp-content\/uploads\/2021\/12\/products-spare-parts-150x150.png 150w, https:\/\/eagletacticalarms.com\/tr\/wp-content\/uploads\/2021\/12\/products-spare-parts-768x768.png 768w, https:\/\/eagletacticalarms.com\/tr\/wp-content\/uploads\/2021\/12\/products-spare-parts-105x105.png 105w, https:\/\/eagletacticalarms.com\/tr\/wp-content\/uploads\/2021\/12\/products-spare-parts.png 1080w\" sizes=\"(max-width: 300px) 100vw, 300px\" \/><br \/>\n<a href=\"https:\/\/eagletacticalarms.com\/tr\/\">Eagle Tactical Arms<\/a> taraf\u0131ndan bir \u00e7ok \u00e7e\u015fit dip\u00e7ik, el kundaklar\u0131 ve aksesuarlar \u00fcretmektedir. Bunlar\u0131n yan\u0131 s\u0131ra iste\u011finiz ve arad\u0131\u011f\u0131n\u0131z \u00f6zelliklerde kabze, arad\u0131\u011f\u0131n\u0131z modelde tetik tertibat\u0131 ve bakalitler de \u00fcretilmektedir. Rovelvelerin yedek par\u00e7alar\u0131 ve torna malzemeleri \u00fcretilmektedir. Bunun yan\u0131 s\u0131ra t\u00fcfekler i\u00e7in t\u00fcfek \u00e7antas\u0131 sat\u0131\u015f\u0131 da yap\u0131lmaktad\u0131r.<\/p>\n<p><a href=\"https:\/\/www.multiyazilim.com\/\">Multi Yaz\u0131l\u0131m<\/a><\/p>\n","protected":false},"excerpt":{"rendered":"<p>Eagle Yedek Par\u00e7alar Eagle Tactical Arms taraf\u0131ndan bir \u00e7ok \u00e7e\u015fit dip\u00e7ik, el kundaklar\u0131 ve aksesuarlar \u00fcretmektedir. Bunlar\u0131n yan\u0131 s\u0131ra iste\u011finiz ve arad\u0131\u011f\u0131n\u0131z \u00f6zelliklerde kabze, arad\u0131\u011f\u0131n\u0131z modelde tetik tertibat\u0131 ve bakalitler de \u00fcretilmektedir. Rovelvelerin yedek par\u00e7alar\u0131 ve torna malzemeleri \u00fcretilmektedir. Bunun yan\u0131 s\u0131ra t\u00fcfekler i\u00e7in t\u00fcfek \u00e7antas\u0131 sat\u0131\u015f\u0131 da yap\u0131lmaktad\u0131r. Multi Yaz\u0131l\u0131m<\/p>\n","protected":false},"author":1,"featured_media":0,"parent":0,"menu_order":0,"comment_status":"closed","ping_status":"closed","template":"","meta":{"footnotes":""},"acf":[],"yoast_head":"<!-- This site is optimized with the Yoast SEO plugin v20.6 - https:\/\/yoast.com\/wordpress\/plugins\/seo\/ -->\n<title>Eagle Yedek Par\u00e7alar - Eagle Tactical Arms<\/title>\n<meta name=\"description\" content=\"Eagle Tactical Arms taraf\u0131ndan bir \u00e7ok \u00e7e\u015fit dip\u00e7ik, el kundaklar\u0131 ve aksesuarlar \u00fcretmektedir. Bunlar\u0131n yan\u0131 s\u0131ra...(Eagle Yedek Par\u00e7alar)\" \/>\n<meta name=\"robots\" content=\"index, follow, max-snippet:-1, max-image-preview:large, max-video-preview:-1\" \/>\n<link rel=\"canonical\" href=\"https:\/\/eagletacticalarms.com\/tr\/yedek-parcalar\/\" \/>\n<meta property=\"og:locale\" content=\"tr_TR\" \/>\n<meta property=\"og:type\" content=\"article\" \/>\n<meta property=\"og:title\" content=\"Eagle Yedek Par\u00e7alar - Eagle Tactical Arms\" \/>\n<meta property=\"og:description\" content=\"Eagle Tactical Arms taraf\u0131ndan bir \u00e7ok \u00e7e\u015fit dip\u00e7ik, el kundaklar\u0131 ve aksesuarlar \u00fcretmektedir. Bunlar\u0131n yan\u0131 s\u0131ra...(Eagle Yedek Par\u00e7alar)\" \/>\n<meta property=\"og:url\" content=\"https:\/\/eagletacticalarms.com\/tr\/yedek-parcalar\/\" \/>\n<meta property=\"og:site_name\" content=\"Eagle Tactical Arms\" \/>\n<meta property=\"article:modified_time\" content=\"2022-01-13T12:01:34+00:00\" \/>\n<meta property=\"og:image\" content=\"http:\/\/eagletacticalarms.com\/tr\/wp-content\/uploads\/2021\/12\/products-spare-parts-300x300.png\" \/>\n<meta name=\"twitter:card\" content=\"summary_large_image\" \/>\n<meta name=\"twitter:label1\" content=\"Tahmini okuma s\u00fcresi\" \/>\n\t<meta name=\"twitter:data1\" content=\"1 dakika\" \/>\n<script type=\"application\/ld+json\" class=\"yoast-schema-graph\">{\"@context\":\"https:\/\/schema.org\",\"@graph\":[{\"@type\":\"WebPage\",\"@id\":\"https:\/\/eagletacticalarms.com\/tr\/eagle-yedek-parcalar\/\",\"url\":\"https:\/\/eagletacticalarms.com\/tr\/yedek-parcalar\/\",\"name\":\"Eagle Yedek Par\u00e7alar - Eagle Tactical Arms\",\"isPartOf\":{\"@id\":\"https:\/\/eagletacticalarms.com\/tr\/#website\"},\"datePublished\":\"2021-12-16T06:54:49+00:00\",\"dateModified\":\"2022-01-13T12:01:34+00:00\",\"description\":\"Eagle Tactical Arms taraf\u0131ndan bir \u00e7ok \u00e7e\u015fit dip\u00e7ik, el kundaklar\u0131 ve aksesuarlar \u00fcretmektedir. Bunlar\u0131n yan\u0131 s\u0131ra...(Eagle Yedek Par\u00e7alar)\",\"breadcrumb\":{\"@id\":\"https:\/\/eagletacticalarms.com\/tr\/yedek-parcalar\/#breadcrumb\"},\"inLanguage\":\"tr\",\"potentialAction\":[{\"@type\":\"ReadAction\",\"target\":[\"https:\/\/eagletacticalarms.com\/tr\/yedek-parcalar\/\"]}]},{\"@type\":\"BreadcrumbList\",\"@id\":\"https:\/\/eagletacticalarms.com\/tr\/yedek-parcalar\/#breadcrumb\",\"itemListElement\":[{\"@type\":\"ListItem\",\"position\":1,\"name\":\"Anasayfa\",\"item\":\"https:\/\/eagletacticalarms.com\/tr\/\"},{\"@type\":\"ListItem\",\"position\":2,\"name\":\"Eagle Yedek Par\u00e7alar\"}]},{\"@type\":\"WebSite\",\"@id\":\"https:\/\/eagletacticalarms.com\/tr\/#website\",\"url\":\"https:\/\/eagletacticalarms.com\/tr\/\",\"name\":\"Eagle Tactical Arms\",\"description\":\"Kalite Ve Azmin Olu\u015fturdu\u011fu En Modern Teknolojilere\",\"publisher\":{\"@id\":\"https:\/\/eagletacticalarms.com\/tr\/#organization\"},\"potentialAction\":[{\"@type\":\"SearchAction\",\"target\":{\"@type\":\"EntryPoint\",\"urlTemplate\":\"https:\/\/eagletacticalarms.com\/tr\/?s={search_term_string}\"},\"query-input\":\"required name=search_term_string\"}],\"inLanguage\":\"tr\"},{\"@type\":\"Organization\",\"@id\":\"https:\/\/eagletacticalarms.com\/tr\/#organization\",\"name\":\"Eagle Tactical Arms\",\"url\":\"https:\/\/eagletacticalarms.com\/tr\/\",\"logo\":{\"@type\":\"ImageObject\",\"inLanguage\":\"tr\",\"@id\":\"https:\/\/eagletacticalarms.com\/tr\/#\/schema\/logo\/image\/\",\"url\":\"https:\/\/eagletacticalarms.com\/tr\/wp-content\/uploads\/2021\/12\/eagle-tactical-arms-sari-gri.png\",\"contentUrl\":\"https:\/\/eagletacticalarms.com\/tr\/wp-content\/uploads\/2021\/12\/eagle-tactical-arms-sari-gri.png\",\"width\":800,\"height\":325,\"caption\":\"Eagle Tactical Arms\"},\"image\":{\"@id\":\"https:\/\/eagletacticalarms.com\/tr\/#\/schema\/logo\/image\/\"}}]}<\/script>\n<!-- \/ Yoast SEO plugin. -->","yoast_head_json":{"title":"Eagle Yedek Par\u00e7alar - Eagle Tactical Arms","description":"Eagle Tactical Arms taraf\u0131ndan bir \u00e7ok \u00e7e\u015fit dip\u00e7ik, el kundaklar\u0131 ve aksesuarlar \u00fcretmektedir. Bunlar\u0131n yan\u0131 s\u0131ra...(Eagle Yedek Par\u00e7alar)","robots":{"index":"index","follow":"follow","max-snippet":"max-snippet:-1","max-image-preview":"max-image-preview:large","max-video-preview":"max-video-preview:-1"},"canonical":"https:\/\/eagletacticalarms.com\/tr\/yedek-parcalar\/","og_locale":"tr_TR","og_type":"article","og_title":"Eagle Yedek Par\u00e7alar - Eagle Tactical Arms","og_description":"Eagle Tactical Arms taraf\u0131ndan bir \u00e7ok \u00e7e\u015fit dip\u00e7ik, el kundaklar\u0131 ve aksesuarlar \u00fcretmektedir. Bunlar\u0131n yan\u0131 s\u0131ra...(Eagle Yedek Par\u00e7alar)","og_url":"https:\/\/eagletacticalarms.com\/tr\/yedek-parcalar\/","og_site_name":"Eagle Tactical Arms","article_modified_time":"2022-01-13T12:01:34+00:00","og_image":[{"url":"http:\/\/eagletacticalarms.com\/tr\/wp-content\/uploads\/2021\/12\/products-spare-parts-300x300.png"}],"twitter_card":"summary_large_image","twitter_misc":{"Tahmini okuma s\u00fcresi":"1 dakika"},"schema":{"@context":"https:\/\/schema.org","@graph":[{"@type":"WebPage","@id":"https:\/\/eagletacticalarms.com\/tr\/eagle-yedek-parcalar\/","url":"https:\/\/eagletacticalarms.com\/tr\/yedek-parcalar\/","name":"Eagle Yedek Par\u00e7alar - Eagle Tactical Arms","isPartOf":{"@id":"https:\/\/eagletacticalarms.com\/tr\/#website"},"datePublished":"2021-12-16T06:54:49+00:00","dateModified":"2022-01-13T12:01:34+00:00","description":"Eagle Tactical Arms taraf\u0131ndan bir \u00e7ok \u00e7e\u015fit dip\u00e7ik, el kundaklar\u0131 ve aksesuarlar \u00fcretmektedir. Bunlar\u0131n yan\u0131 s\u0131ra...(Eagle Yedek Par\u00e7alar)","breadcrumb":{"@id":"https:\/\/eagletacticalarms.com\/tr\/yedek-parcalar\/#breadcrumb"},"inLanguage":"tr","potentialAction":[{"@type":"ReadAction","target":["https:\/\/eagletacticalarms.com\/tr\/yedek-parcalar\/"]}]},{"@type":"BreadcrumbList","@id":"https:\/\/eagletacticalarms.com\/tr\/yedek-parcalar\/#breadcrumb","itemListElement":[{"@type":"ListItem","position":1,"name":"Anasayfa","item":"https:\/\/eagletacticalarms.com\/tr\/"},{"@type":"ListItem","position":2,"name":"Eagle Yedek Par\u00e7alar"}]},{"@type":"WebSite","@id":"https:\/\/eagletacticalarms.com\/tr\/#website","url":"https:\/\/eagletacticalarms.com\/tr\/","name":"Eagle Tactical Arms","description":"Kalite Ve Azmin Olu\u015fturdu\u011fu En Modern Teknolojilere","publisher":{"@id":"https:\/\/eagletacticalarms.com\/tr\/#organization"},"potentialAction":[{"@type":"SearchAction","target":{"@type":"EntryPoint","urlTemplate":"https:\/\/eagletacticalarms.com\/tr\/?s={search_term_string}"},"query-input":"required name=search_term_string"}],"inLanguage":"tr"},{"@type":"Organization","@id":"https:\/\/eagletacticalarms.com\/tr\/#organization","name":"Eagle Tactical Arms","url":"https:\/\/eagletacticalarms.com\/tr\/","logo":{"@type":"ImageObject","inLanguage":"tr","@id":"https:\/\/eagletacticalarms.com\/tr\/#\/schema\/logo\/image\/","url":"https:\/\/eagletacticalarms.com\/tr\/wp-content\/uploads\/2021\/12\/eagle-tactical-arms-sari-gri.png","contentUrl":"https:\/\/eagletacticalarms.com\/tr\/wp-content\/uploads\/2021\/12\/eagle-tactical-arms-sari-gri.png","width":800,"height":325,"caption":"Eagle Tactical Arms"},"image":{"@id":"https:\/\/eagletacticalarms.com\/tr\/#\/schema\/logo\/image\/"}}]}},"_links":{"self":[{"href":"https:\/\/eagletacticalarms.com\/tr\/wp-json\/wp\/v2\/pages\/1884"}],"collection":[{"href":"https:\/\/eagletacticalarms.com\/tr\/wp-json\/wp\/v2\/pages"}],"about":[{"href":"https:\/\/eagletacticalarms.com\/tr\/wp-json\/wp\/v2\/types\/page"}],"author":[{"embeddable":true,"href":"https:\/\/eagletacticalarms.com\/tr\/wp-json\/wp\/v2\/users\/1"}],"replies":[{"embeddable":true,"href":"https:\/\/eagletacticalarms.com\/tr\/wp-json\/wp\/v2\/comments?post=1884"}],"version-history":[{"count":4,"href":"https:\/\/eagletacticalarms.com\/tr\/wp-json\/wp\/v2\/pages\/1884\/revisions"}],"predecessor-version":[{"id":2469,"href":"https:\/\/eagletacticalarms.com\/tr\/wp-json\/wp\/v2\/pages\/1884\/revisions\/2469"}],"wp:attachment":[{"href":"https:\/\/eagletacticalarms.com\/tr\/wp-json\/wp\/v2\/media?parent=1884"}],"curies":[{"name":"wp","href":"https:\/\/api.w.org\/{rel}","templated":true}]}}