{"id":1869,"date":"2021-12-16T09:14:04","date_gmt":"2021-12-16T06:14:04","guid":{"rendered":"https:\/\/eagletacticalarms.com\/tr\/?page_id=1869"},"modified":"2022-01-14T15:34:08","modified_gmt":"2022-01-14T12:34:08","slug":"tek-kirma","status":"publish","type":"page","link":"https:\/\/eagletacticalarms.com\/tr\/tek-kirma\/","title":{"rendered":"Tek K\u0131rma"},"content":{"rendered":"<p><a href=\"https:\/\/eagletacticalarms.com\/tr\">Eagle Tactical Arms\/Silah<\/a> taraf\u0131ndan \u00fcretilen <a href=\"https:\/\/eagletacticalarms.com\/tr\/tek-kirma\/\">Tek K\u0131rma<\/a> av t\u00fcfeklerimiz 12 kalibre ve 20 kalibre olmak \u00fczere iki \u015fekilde kategorize edilmektedir.<\/p>\n<div id=\"attachment_1895\" style=\"width: 310px\" class=\"wp-caption alignnone\"><img aria-describedby=\"caption-attachment-1895\" decoding=\"async\" loading=\"lazy\" class=\"size-medium wp-image-1895\" src=\"http:\/\/eagletacticalarms.com\/tr\/wp-content\/uploads\/2021\/12\/products-single-barrel-300x300.png\" alt=\"Eagle Tactical Arms Tek K\u0131rma\" width=\"300\" height=\"300\" srcset=\"https:\/\/eagletacticalarms.com\/tr\/wp-content\/uploads\/2021\/12\/products-single-barrel-300x300.png 300w, https:\/\/eagletacticalarms.com\/tr\/wp-content\/uploads\/2021\/12\/products-single-barrel-1024x1024.png 1024w, https:\/\/eagletacticalarms.com\/tr\/wp-content\/uploads\/2021\/12\/products-single-barrel-150x150.png 150w, https:\/\/eagletacticalarms.com\/tr\/wp-content\/uploads\/2021\/12\/products-single-barrel-768x768.png 768w, https:\/\/eagletacticalarms.com\/tr\/wp-content\/uploads\/2021\/12\/products-single-barrel-105x105.png 105w, https:\/\/eagletacticalarms.com\/tr\/wp-content\/uploads\/2021\/12\/products-single-barrel.png 1080w\" sizes=\"(max-width: 300px) 100vw, 300px\" \/><p id=\"caption-attachment-1895\" class=\"wp-caption-text\">Eagle Tek K\u0131rma<\/p><\/div>\n<p>&nbsp;<\/p>\n<p><a href=\"https:\/\/eagletacticalarms.com\/tr\/tek-kirma-12ga\/\">12 Kalibre<\/a> olan av t\u00fcfeklerimizde 12-16-20-28-36 kalibre \u00e7e\u015fitleri de bulunmaktad\u0131r. 76mm(3&#8243;) fi\u015fek yata\u011f\u0131 sahip olan t\u00fcfe\u011fimizin \u015farj\u00f6r kapasitesi 1&#8217;dir. Namlu t\u00fcr\u00fc olarak 8-7mm havaland\u0131rma geni\u015fli\u011fi olan av t\u00fcfeklerimizin namlu uzunluklar\u0131 51-56-61-66-71-76cm \u015feklindedir. Beyaz krom kaplama \u00e7elikten \u00fcretilen av t\u00fcfeklerimizin dip\u00e7ik yap\u0131s\u0131 plastik-ceviz a\u011fac\u0131ndan \u00fcretilmektedir. \u015eok olarak sabit silindir \u015fok-mobil \u015fok \u00f6zelli\u011fine sahip olan t\u00fcfe\u011fimiz 2,5 ve 5,5kg&#8217;dir.<\/p>\n<p><a href=\"https:\/\/eagletacticalarms.com\/tr\/tek-kirma-20ga\/\">20 kalibre<\/a> olan av t\u00fcfeklerimizi de 12-16-20-28-36 kalibre \u00e7e\u015fitleri de bulunmaktad\u0131r.76mm(3&#8243;) fi\u015fek yata\u011f\u0131 sahip olan t\u00fcfe\u011fimizin \u015farj\u00f6r kapasitesi 1&#8217;dir. Namlu t\u00fcr\u00fc olarak 8-7mm havaland\u0131rma geni\u015fli\u011fi olan av t\u00fcfeklerimizin namlu uzunluklar\u0131 51-56-61-66-71-76cm \u015feklindedir. Beyaz krom kaplama \u00e7elikten \u00fcretilen av t\u00fcfeklerimizin dip\u00e7ik yap\u0131s\u0131 plastik-ceviz a\u011fac\u0131ndan \u00fcretilmektedir. \u015eok olarak sabit silindir \u015fok-mobil \u015fok \u00f6zelli\u011fine sahip olan t\u00fcfe\u011fimiz 2,5 ve 5,5kg&#8217;dir.\u00a0 T\u00fcfeklerimiz ayn\u0131 zamanda tek k\u0131rma sistem kullanmaktad\u0131r.<\/p>\n<p><a href=\"https:\/\/www.multiyazilim.com\/\">Multi Yaz\u0131l\u0131m<\/a><\/p>\n","protected":false},"excerpt":{"rendered":"<p>Eagle Tactical Arms\/Silah taraf\u0131ndan \u00fcretilen Tek K\u0131rma av t\u00fcfeklerimiz 12 kalibre ve 20 kalibre olmak \u00fczere iki \u015fekilde kategorize edilmektedir. &nbsp; 12 Kalibre olan av t\u00fcfeklerimizde 12-16-20-28-36 kalibre \u00e7e\u015fitleri de bulunmaktad\u0131r. 76mm(3&#8243;) fi\u015fek yata\u011f\u0131 sahip olan t\u00fcfe\u011fimizin \u015farj\u00f6r kapasitesi 1&#8217;dir. Namlu t\u00fcr\u00fc olarak 8-7mm havaland\u0131rma geni\u015fli\u011fi olan av t\u00fcfeklerimizin namlu uzunluklar\u0131 51-56-61-66-71-76cm \u015feklindedir. Beyaz krom kaplama \u00e7elikten \u00fcretilen av t\u00fcfeklerimizin dip\u00e7ik yap\u0131s\u0131 plastik-ceviz a\u011fac\u0131ndan \u00fcretilmektedir. \u015eok olarak sabit silindir \u015fok-mobil \u015fok \u00f6zelli\u011fine sahip olan t\u00fcfe\u011fimiz 2,5 ve 5,5kg&#8217;dir. 20 kalibre olan av t\u00fcfeklerimizi de 12-16-20-28-36 kalibre \u00e7e\u015fitleri de bulunmaktad\u0131r.76mm(3&#8243;) fi\u015fek yata\u011f\u0131 sahip olan t\u00fcfe\u011fimizin \u015farj\u00f6r kapasitesi 1&#8217;dir. Namlu t\u00fcr\u00fc olarak 8-7mm havaland\u0131rma geni\u015fli\u011fi olan av t\u00fcfeklerimizin namlu uzunluklar\u0131 51-56-61-66-71-76cm \u015feklindedir. Beyaz krom kaplama \u00e7elikten \u00fcretilen av t\u00fcfeklerimizin dip\u00e7ik yap\u0131s\u0131 plastik-ceviz a\u011fac\u0131ndan \u00fcretilmektedir. \u015eok olarak sabit silindir \u015fok-mobil \u015fok \u00f6zelli\u011fine sahip olan t\u00fcfe\u011fimiz 2,5 ve 5,5kg&#8217;dir.\u00a0 T\u00fcfeklerimiz ayn\u0131 zamanda tek k\u0131rma sistem kullanmaktad\u0131r. Multi Yaz\u0131l\u0131m<\/p>\n","protected":false},"author":1,"featured_media":0,"parent":0,"menu_order":0,"comment_status":"closed","ping_status":"closed","template":"","meta":{"footnotes":""},"acf":[],"yoast_head":"<!-- This site is optimized with the Yoast SEO plugin v20.6 - https:\/\/yoast.com\/wordpress\/plugins\/seo\/ -->\n<title>Tek K\u0131rma - Eagle Tactical Arms<\/title>\n<meta name=\"description\" content=\"Eagle Tactical Arms\/Silah taraf\u0131ndan \u00fcretilen Tek K\u0131rma av t\u00fcfeklerimiz 12 kalibre ve 20 kalibre olmak \u00fczere iki \u015fekilde kategorize...\" \/>\n<meta name=\"robots\" content=\"index, follow, max-snippet:-1, max-image-preview:large, max-video-preview:-1\" \/>\n<link rel=\"canonical\" href=\"https:\/\/eagletacticalarms.com\/tr\/tek-kirma\/\" \/>\n<meta property=\"og:locale\" content=\"tr_TR\" \/>\n<meta property=\"og:type\" content=\"article\" \/>\n<meta property=\"og:title\" content=\"Tek K\u0131rma - Eagle Tactical Arms\" \/>\n<meta property=\"og:description\" content=\"Eagle Tactical Arms\/Silah taraf\u0131ndan \u00fcretilen Tek K\u0131rma av t\u00fcfeklerimiz 12 kalibre ve 20 kalibre olmak \u00fczere iki \u015fekilde kategorize...\" \/>\n<meta property=\"og:url\" content=\"https:\/\/eagletacticalarms.com\/tr\/tek-kirma\/\" \/>\n<meta property=\"og:site_name\" content=\"Eagle Tactical Arms\" \/>\n<meta property=\"article:modified_time\" content=\"2022-01-14T12:34:08+00:00\" \/>\n<meta property=\"og:image\" content=\"http:\/\/eagletacticalarms.com\/tr\/wp-content\/uploads\/2021\/12\/products-single-barrel-300x300.png\" \/>\n<meta name=\"twitter:card\" content=\"summary_large_image\" \/>\n<meta name=\"twitter:label1\" content=\"Tahmini okuma s\u00fcresi\" \/>\n\t<meta name=\"twitter:data1\" content=\"2 dakika\" \/>\n<script type=\"application\/ld+json\" class=\"yoast-schema-graph\">{\"@context\":\"https:\/\/schema.org\",\"@graph\":[{\"@type\":\"WebPage\",\"@id\":\"https:\/\/eagletacticalarms.com\/tr\/tek-kirma\/\",\"url\":\"https:\/\/eagletacticalarms.com\/tr\/tek-kirma\/\",\"name\":\"Tek K\u0131rma - Eagle Tactical Arms\",\"isPartOf\":{\"@id\":\"https:\/\/eagletacticalarms.com\/tr\/#website\"},\"datePublished\":\"2021-12-16T06:14:04+00:00\",\"dateModified\":\"2022-01-14T12:34:08+00:00\",\"description\":\"Eagle Tactical Arms\/Silah taraf\u0131ndan \u00fcretilen Tek K\u0131rma av t\u00fcfeklerimiz 12 kalibre ve 20 kalibre olmak \u00fczere iki \u015fekilde kategorize...\",\"breadcrumb\":{\"@id\":\"https:\/\/eagletacticalarms.com\/tr\/tek-kirma\/#breadcrumb\"},\"inLanguage\":\"tr\",\"potentialAction\":[{\"@type\":\"ReadAction\",\"target\":[\"https:\/\/eagletacticalarms.com\/tr\/tek-kirma\/\"]}]},{\"@type\":\"BreadcrumbList\",\"@id\":\"https:\/\/eagletacticalarms.com\/tr\/tek-kirma\/#breadcrumb\",\"itemListElement\":[{\"@type\":\"ListItem\",\"position\":1,\"name\":\"Anasayfa\",\"item\":\"https:\/\/eagletacticalarms.com\/tr\/\"},{\"@type\":\"ListItem\",\"position\":2,\"name\":\"Tek K\u0131rma\"}]},{\"@type\":\"WebSite\",\"@id\":\"https:\/\/eagletacticalarms.com\/tr\/#website\",\"url\":\"https:\/\/eagletacticalarms.com\/tr\/\",\"name\":\"Eagle Tactical Arms\",\"description\":\"Kalite Ve Azmin Olu\u015fturdu\u011fu En Modern Teknolojilere\",\"publisher\":{\"@id\":\"https:\/\/eagletacticalarms.com\/tr\/#organization\"},\"potentialAction\":[{\"@type\":\"SearchAction\",\"target\":{\"@type\":\"EntryPoint\",\"urlTemplate\":\"https:\/\/eagletacticalarms.com\/tr\/?s={search_term_string}\"},\"query-input\":\"required name=search_term_string\"}],\"inLanguage\":\"tr\"},{\"@type\":\"Organization\",\"@id\":\"https:\/\/eagletacticalarms.com\/tr\/#organization\",\"name\":\"Eagle Tactical Arms\",\"url\":\"https:\/\/eagletacticalarms.com\/tr\/\",\"logo\":{\"@type\":\"ImageObject\",\"inLanguage\":\"tr\",\"@id\":\"https:\/\/eagletacticalarms.com\/tr\/#\/schema\/logo\/image\/\",\"url\":\"https:\/\/eagletacticalarms.com\/tr\/wp-content\/uploads\/2021\/12\/eagle-tactical-arms-sari-gri.png\",\"contentUrl\":\"https:\/\/eagletacticalarms.com\/tr\/wp-content\/uploads\/2021\/12\/eagle-tactical-arms-sari-gri.png\",\"width\":800,\"height\":325,\"caption\":\"Eagle Tactical Arms\"},\"image\":{\"@id\":\"https:\/\/eagletacticalarms.com\/tr\/#\/schema\/logo\/image\/\"}}]}<\/script>\n<!-- \/ Yoast SEO plugin. -->","yoast_head_json":{"title":"Tek K\u0131rma - Eagle Tactical Arms","description":"Eagle Tactical Arms\/Silah taraf\u0131ndan \u00fcretilen Tek K\u0131rma av t\u00fcfeklerimiz 12 kalibre ve 20 kalibre olmak \u00fczere iki \u015fekilde kategorize...","robots":{"index":"index","follow":"follow","max-snippet":"max-snippet:-1","max-image-preview":"max-image-preview:large","max-video-preview":"max-video-preview:-1"},"canonical":"https:\/\/eagletacticalarms.com\/tr\/tek-kirma\/","og_locale":"tr_TR","og_type":"article","og_title":"Tek K\u0131rma - Eagle Tactical Arms","og_description":"Eagle Tactical Arms\/Silah taraf\u0131ndan \u00fcretilen Tek K\u0131rma av t\u00fcfeklerimiz 12 kalibre ve 20 kalibre olmak \u00fczere iki \u015fekilde kategorize...","og_url":"https:\/\/eagletacticalarms.com\/tr\/tek-kirma\/","og_site_name":"Eagle Tactical Arms","article_modified_time":"2022-01-14T12:34:08+00:00","og_image":[{"url":"http:\/\/eagletacticalarms.com\/tr\/wp-content\/uploads\/2021\/12\/products-single-barrel-300x300.png"}],"twitter_card":"summary_large_image","twitter_misc":{"Tahmini okuma s\u00fcresi":"2 dakika"},"schema":{"@context":"https:\/\/schema.org","@graph":[{"@type":"WebPage","@id":"https:\/\/eagletacticalarms.com\/tr\/tek-kirma\/","url":"https:\/\/eagletacticalarms.com\/tr\/tek-kirma\/","name":"Tek K\u0131rma - Eagle Tactical Arms","isPartOf":{"@id":"https:\/\/eagletacticalarms.com\/tr\/#website"},"datePublished":"2021-12-16T06:14:04+00:00","dateModified":"2022-01-14T12:34:08+00:00","description":"Eagle Tactical Arms\/Silah taraf\u0131ndan \u00fcretilen Tek K\u0131rma av t\u00fcfeklerimiz 12 kalibre ve 20 kalibre olmak \u00fczere iki \u015fekilde kategorize...","breadcrumb":{"@id":"https:\/\/eagletacticalarms.com\/tr\/tek-kirma\/#breadcrumb"},"inLanguage":"tr","potentialAction":[{"@type":"ReadAction","target":["https:\/\/eagletacticalarms.com\/tr\/tek-kirma\/"]}]},{"@type":"BreadcrumbList","@id":"https:\/\/eagletacticalarms.com\/tr\/tek-kirma\/#breadcrumb","itemListElement":[{"@type":"ListItem","position":1,"name":"Anasayfa","item":"https:\/\/eagletacticalarms.com\/tr\/"},{"@type":"ListItem","position":2,"name":"Tek K\u0131rma"}]},{"@type":"WebSite","@id":"https:\/\/eagletacticalarms.com\/tr\/#website","url":"https:\/\/eagletacticalarms.com\/tr\/","name":"Eagle Tactical Arms","description":"Kalite Ve Azmin Olu\u015fturdu\u011fu En Modern Teknolojilere","publisher":{"@id":"https:\/\/eagletacticalarms.com\/tr\/#organization"},"potentialAction":[{"@type":"SearchAction","target":{"@type":"EntryPoint","urlTemplate":"https:\/\/eagletacticalarms.com\/tr\/?s={search_term_string}"},"query-input":"required name=search_term_string"}],"inLanguage":"tr"},{"@type":"Organization","@id":"https:\/\/eagletacticalarms.com\/tr\/#organization","name":"Eagle Tactical Arms","url":"https:\/\/eagletacticalarms.com\/tr\/","logo":{"@type":"ImageObject","inLanguage":"tr","@id":"https:\/\/eagletacticalarms.com\/tr\/#\/schema\/logo\/image\/","url":"https:\/\/eagletacticalarms.com\/tr\/wp-content\/uploads\/2021\/12\/eagle-tactical-arms-sari-gri.png","contentUrl":"https:\/\/eagletacticalarms.com\/tr\/wp-content\/uploads\/2021\/12\/eagle-tactical-arms-sari-gri.png","width":800,"height":325,"caption":"Eagle Tactical Arms"},"image":{"@id":"https:\/\/eagletacticalarms.com\/tr\/#\/schema\/logo\/image\/"}}]}},"_links":{"self":[{"href":"https:\/\/eagletacticalarms.com\/tr\/wp-json\/wp\/v2\/pages\/1869"}],"collection":[{"href":"https:\/\/eagletacticalarms.com\/tr\/wp-json\/wp\/v2\/pages"}],"about":[{"href":"https:\/\/eagletacticalarms.com\/tr\/wp-json\/wp\/v2\/types\/page"}],"author":[{"embeddable":true,"href":"https:\/\/eagletacticalarms.com\/tr\/wp-json\/wp\/v2\/users\/1"}],"replies":[{"embeddable":true,"href":"https:\/\/eagletacticalarms.com\/tr\/wp-json\/wp\/v2\/comments?post=1869"}],"version-history":[{"count":7,"href":"https:\/\/eagletacticalarms.com\/tr\/wp-json\/wp\/v2\/pages\/1869\/revisions"}],"predecessor-version":[{"id":2481,"href":"https:\/\/eagletacticalarms.com\/tr\/wp-json\/wp\/v2\/pages\/1869\/revisions\/2481"}],"wp:attachment":[{"href":"https:\/\/eagletacticalarms.com\/tr\/wp-json\/wp\/v2\/media?parent=1869"}],"curies":[{"name":"wp","href":"https:\/\/api.w.org\/{rel}","templated":true}]}}